{"id":645,"date":"2021-11-01T07:50:05","date_gmt":"2021-11-01T06:50:05","guid":{"rendered":"https:\/\/hundredhappydays.com\/?page_id=645"},"modified":"2023-12-05T17:20:00","modified_gmt":"2023-12-05T16:20:00","slug":"wspolpraca","status":"publish","type":"page","link":"https:\/\/olgacygan.com.pl\/index.php\/wspolpraca\/","title":{"rendered":"Wsp\u00f3\u0142praca"},"content":{"rendered":"\n<h2 class=\"wp-block-heading has-text-align-center\">shop@olgacygan.com.pl<\/h2>\n\n\n\n<h3 class=\"wp-block-heading has-text-align-center\"> \u2013 posty sponsorowane (Tik Tok, Instagram, Youtube, LinkedIn, Pinterest, Facebook)<\/h3>\n\n\n\n<h3 class=\"wp-block-heading has-text-align-center\"> \u2013 filmy sponsorowane<\/h3>\n\n\n\n<h3 class=\"wp-block-heading has-text-align-center\">\u2013 testy i recenzje produkt\u00f3w<\/h3>\n\n\n\n<h3 class=\"wp-block-heading has-text-align-center\">\u2013 organizacje konkurs\u00f3w<\/h3>\n\n\n\n<h3 class=\"wp-block-heading has-text-align-center\">\u2013 monta\u017c kr\u00f3tko i d\u0142ugometra\u017cowych film\u00f3w<\/h3>\n\n\n\n<h3 class=\"wp-block-heading has-text-align-center\">\u2013 sesje zdj\u0119ciowe<\/h3>\n\n\n\n<h3 class=\"wp-block-heading has-text-align-center\">\u2013 plany filmowe<\/h3>\n\n\n\n<h3 class=\"wp-block-heading has-text-align-center\">\u2013 inne (indywidualne)<\/h3>\n\n\n\n<p><\/p>\n","protected":false},"excerpt":{"rendered":"<p>shop@olgacygan.com.pl \u2013 posty sponsorowane (Tik Tok, Instagram, Youtube, LinkedIn, Pinterest, Facebook) \u2013 filmy sponsorowane \u2013 testy i recenzje produkt\u00f3w \u2013 organizacje konkurs\u00f3w \u2013 monta\u017c kr\u00f3tko i d\u0142ugometra\u017cowych film\u00f3w \u2013 sesje zdj\u0119ciowe \u2013 plany filmowe \u2013 inne (indywidualne)<\/p>\n","protected":false},"author":1,"featured_media":0,"parent":0,"menu_order":0,"comment_status":"closed","ping_status":"closed","template":"","meta":[],"_links":{"self":[{"href":"https:\/\/olgacygan.com.pl\/index.php\/wp-json\/wp\/v2\/pages\/645"}],"collection":[{"href":"https:\/\/olgacygan.com.pl\/index.php\/wp-json\/wp\/v2\/pages"}],"about":[{"href":"https:\/\/olgacygan.com.pl\/index.php\/wp-json\/wp\/v2\/types\/page"}],"author":[{"embeddable":true,"href":"https:\/\/olgacygan.com.pl\/index.php\/wp-json\/wp\/v2\/users\/1"}],"replies":[{"embeddable":true,"href":"https:\/\/olgacygan.com.pl\/index.php\/wp-json\/wp\/v2\/comments?post=645"}],"version-history":[{"count":13,"href":"https:\/\/olgacygan.com.pl\/index.php\/wp-json\/wp\/v2\/pages\/645\/revisions"}],"predecessor-version":[{"id":1009,"href":"https:\/\/olgacygan.com.pl\/index.php\/wp-json\/wp\/v2\/pages\/645\/revisions\/1009"}],"wp:attachment":[{"href":"https:\/\/olgacygan.com.pl\/index.php\/wp-json\/wp\/v2\/media?parent=645"}],"curies":[{"name":"wp","href":"https:\/\/api.w.org\/{rel}","templated":true}]}}