{"id":734,"date":"2021-12-14T16:02:47","date_gmt":"2021-12-14T15:02:47","guid":{"rendered":"https:\/\/hundredhappydays.com\/?post_type=product&#038;p=734"},"modified":"2026-01-27T18:47:34","modified_gmt":"2026-01-27T17:47:34","slug":"plakat-przezyc-wiecej-zycia-w-zyciu-edycja-podstawowa","status":"publish","type":"product","link":"https:\/\/olgacygan.com.pl\/index.php\/produkt\/plakat-przezyc-wiecej-zycia-w-zyciu-edycja-podstawowa\/","title":{"rendered":"Plakat Prze\u017cy\u0107 \u201eWI\u0118CEJ \u017bYCIA W \u017bYCIU\u201d"},"content":{"rendered":"<p>Rozmiar: 50 x 70 cm<\/p>\n<p>Zdrapka: srebrna<\/p>\n<p>Wysokiej klasy papier (odporny na starzenie) o gramaturze 250 g \/ m<sup>2<\/sup><\/p>\n<p>Najwy\u017cszej jako\u015bci atrament<\/p>\n<p>Lakier UV- zabezpiecza przed wszelkiego rodzaju uszkodzeniami mechanicznymi<\/p>\n<p><strong>JAK U\u017bYWA\u0106? <\/strong>Do zdrapywania najlepiej sprawdza si\u0119 p\u0119seta (ta nierozdwojona cz\u0119\u015b\u0107) i\/lub karta p\u0142atnicza\/ na punkty- przetestowa\u0142am! <strong>Nie nadu\u017cywa\u0107 si\u0142y- istnieje ryzyko zniszczenia plakatu!<\/strong><\/p>\n<p>&nbsp;<\/p>\n<p><u>Jaka jest g\u0142\u00f3wna geneza takiego do\u015bwiadczania?<\/u> Podam na przyk\u0142adzie jednej ze zdrapek: \u201eId\u017a do lasu\u201d. <strong>Ka\u017cdy ma wyb\u00f3r.<\/strong> Mo\u017ce i\u015b\u0107 do tego lasu i po prostu z niego wr\u00f3ci\u0107. A mo\u017ce i\u015b\u0107 do lasu, zaci\u0105gn\u0105\u0107 si\u0119 \u015bwie\u017cym powietrzem, zauwa\u017cy\u0107 ko\u0142ysz\u0105ce si\u0119 na wietrze drzewa, dostrzec dzi\u0119cio\u0142a, przysi\u0105\u015b\u0107 na pniu i wypi\u0107 gor\u0105c\u0105 herbat\u0119, zabran\u0105 w termosie z domu. Takie ma\u0142e chwile, a ile spokoju i szcz\u0119\u015bcia mog\u0105 da\u0107!<\/p>\n<p><strong>Otwieraj\u0105c si\u0119 na \u017cycie- otwieracie si\u0119 na siebie samych. Ka\u017cda zdrapka, to pewnego rodzaju terapia. Czas spotkania z sob\u0105 samym lub okazja sp\u0119dzenia go w gronie bliskich os\u00f3b- rodzic\u00f3w, rodze\u0144stwa, drugiej &#8220;po\u0142\u00f3wki&#8221;, najwierniejszego przyjaciela, czy kumpla ze studi\u00f3w. Zacznij &#8220;by\u0107 na TAK&#8221;! Odwa\u017c si\u0119 w ko\u0144cu! Brzmi, jak idealny plan na 2022 rok?<\/strong><\/p>\n<p><u>A dlaczego akurat zdrapki?<\/u> \u017beby wystawi\u0107 si\u0119 na nieznane. Na przypadek, kt\u00f3ry zdecyduje o tym, \u017ce pewne do\u015bwiadczenie zmieni na lepsze kogo\u015b \u017cycie o 180 stopni (kto wie- mo\u017ce w\u0142a\u015bnie podczas tego jednego wschodu s\u0142o\u0144ca spotkasz Mi\u0142o\u015b\u0107 swojego \u017cycia?). Zadaniem w\u0142a\u015bciciela zdrapki b\u0119dzie tylko odpowiedzenie sobie na pytania: <strong>\u201eDlaczego akurat dzisiaj mam tego do\u015bwiadczy\u0107? Czego mam si\u0119 przez to nauczy\u0107? Co zrozumie\u0107?\u201d<\/strong><\/p>\n<p>&nbsp;<\/p>\n<h1>Wyt\u0119\u017c wzrok. Wyostrz w\u0119ch. Dostrze\u017c. Do\u015bwiadcz. \u017byj.<\/h1>\n<p>&nbsp;<\/p>\n<p>W\u0142a\u015bnie o to DO\u015aWIADCZANIE i DOCENIANIE najmniejszych chwil w \u017cyciu chodzi. <strong>Tam znajduje si\u0119 Szcz\u0119\u015bcie.<\/strong> Szcz\u0119\u015bcie jest w ka\u017cdym z nas- niezale\u017cnie od wieku, wykszta\u0142cenia, maj\u0119tno\u015bci. Nie trzeba o nie z nikim walczy\u0107, prosi\u0107 o nie, zabiega\u0107, czy go kupowa\u0107. Jest obok. Trzeba nauczy\u0107 si\u0119 go tylko zauwa\u017ca\u0107.<\/p>\n<p><u>Sk\u0105d pomys\u0142 na tak\u0105 w\u0142a\u015bnie grafik\u0119?<\/u> Przyznam szczerze, \u017ce nie by\u0142a ona mi\u0142o\u015bci\u0105 od pierwszego wejrzenia. Jednak z ka\u017cdym kolejnym momentem spojrzenia na ni\u0105- czu\u0142am pot\u0119\u017cn\u0105 si\u0142\u0119 w sercu. Baletnica, to moja metafora sztywnych ram, figur i sekwencji, w kt\u00f3re cz\u0119sto jeste\u015bmy uwik\u0142ani w \u017cyciu. I b\u00f3lu- kt\u00f3ry do\u015bwiadczamy, dostosowuj\u0105c si\u0119 do \u201epowinno\u015bci\u201d narzucanych przez spo\u0142ecze\u0144stwo. <strong>A gdyby tak zdj\u0105\u0107 z siebie wszelkie ograniczenia, a w ich miejsce przyodzia\u0107 odwag\u0119, determinacj\u0119 i nieposkromion\u0105 wiar\u0119 w swoje mo\u017cliwo\u015bci?<\/strong> A gdyby tak zaufa\u0107 sobie i swoim talentom? G\u0142owa kanarka, to pewnego rodzaju przypomnienie. I nawo\u0142anie do tego, \u017ceby wyrwa\u0107 si\u0119 z tych kajdan uwi\u0119zienia w \u201ez\u0142otej\u201d klatce. Pomimo, \u017ce &#8220;z\u0142ota&#8221;- ona nadal jest klatk\u0105. A klatka dla ka\u017cdego jest czym\u015b innym. Pozosta\u0142e grafiki, to wolno\u015b\u0107. Wolno\u015b\u0107, spe\u0142nienie i rado\u015b\u0107 rozpieraj\u0105ca serce.<\/p>\n<p>&nbsp;<\/p>\n<p><strong>Du\u017cym atutem jest specjalnie zastosowana jasna czcionka pod zdrapkami, dzi\u0119ki czemu po zdrapaniu wszystkich okienek- plakat b\u0119dzie \u015bwietnie spe\u0142nia\u0142 rol\u0119 oryginalnej ozdoby \u015bcian w domu.<\/strong><\/p>\n<p>&nbsp;<\/p>\n<h2>To nie jest zwyk\u0142y plakat. Cho\u0107 pi\u0119kny- ma by\u0107 przede wszystkim \u201enarz\u0119dziem\u201d do kolorowania codzienno\u015bci, a nie- ozdob\u0105 w domu. Bod\u017acem. Osobist\u0105 \u201egr\u0105\u201d w prawdziwe \u017bycie!<\/h2>\n<p>&nbsp;<\/p>\n<blockquote>\n<p style=\"text-align: center;\">\u201eMiej wiele pasji. I szukaj magicznych moment\u00f3w. To co\u015b, co robi\u0142am przez ca\u0142e swoje \u017cycie. Pomy\u015bl o wschodach i zachodach s\u0142o\u0144ca, t\u0119czach, pi\u0119knych ptakach, muzyce i dobrych s\u0142owach ludzi, kt\u00f3rymi si\u0119 otaczasz. Wszystko, to magiczne momenty i s\u0105 darmowe dla ka\u017cdego z nas. Miej oczy otwarte na nie.\u201d<\/p>\n<p style=\"text-align: center;\">Julia Hawkins- w wieku 105 lat pobi\u0142a rekord \u015bwiata w biegu na dystansie 100 m<\/p>\n<\/blockquote>\n<p>&nbsp;<\/p>\n<p><strong>Dla jakich os\u00f3b jest ten produkt:<\/strong> dla tych, kt\u00f3rzy nie znaj\u0105 siebie, kt\u00f3rzy nie wiedz\u0105, jakie mocne strony w sobie maj\u0105, kt\u00f3rzy nie maj\u0105 pomys\u0142u na siebie, kt\u00f3rzy s\u0105 nieszcz\u0119\u015bliwi, kt\u00f3rzy stracili sens i rado\u015b\u0107 w \u017cyciu, kt\u00f3rzy nie dostrzegaj\u0105 kolor\u00f3w w szarej codzienno\u015bci i chc\u0105 je odnale\u017a\u0107, kt\u00f3rzy potrzebuj\u0105 zmian, kt\u00f3rzy nie boj\u0105 si\u0119 rewolucji, jaka nadejdzie w ich \u017cyciu, kt\u00f3rzy chc\u0105 do\u015bwiadczy\u0107 mi\u0142o\u015bci do siebie i nauczy\u0107 si\u0119 mi\u0142o\u015bci do \u015bwiata i drugiego cz\u0142owieka, kt\u00f3rzy chc\u0105 p\u0142aka\u0107 ze szcz\u0119\u015bcia, kt\u00f3rzy chc\u0105 wyrwa\u0107 si\u0119 z \u201epowinno\u015bci\u201d narzuconych przez otoczenie i spo\u0142ecze\u0144stwo, kt\u00f3rzy potrzebuj\u0105 czasu dla siebie, kt\u00f3rzy potrzebuj\u0105 inspiracji do sp\u0119dzania czasu- samemu, ze swoj\u0105 \u201epo\u0142\u00f3wk\u0105\u201d, albo swoim przyjacielem, kt\u00f3rzy nie chc\u0105 przespa\u0107 \u017cycia, kt\u00f3rzy maj\u0105 marzenia, kt\u00f3rzy chc\u0105 si\u0119ga\u0107 gwiazd!<\/p>\n<p>&nbsp;<\/p>\n<p><strong>Dla jakich os\u00f3b nie jest ten produkt:<\/strong> dla tych, kt\u00f3rzy s\u0105 zamkni\u0119ci na samych siebie i otaczaj\u0105cy ich \u015bwiat.<\/p>\n<p>&nbsp;<\/p>\n<p>Plakat Prze\u017cy\u0107 powinien mie\u0107 warto\u015b\u0107 sentymentaln\u0105- odnaleziony po nastu latach na strychu domu. <strong>Jak pami\u0119tnik.<\/strong> Chcia\u0142abym, \u017ceby po jakim\u015b czasie sta\u0142 si\u0119 pami\u0105tk\u0105 Waszej wewn\u0119trznej przemiany (jak ju\u017c sta\u0142 si\u0119 moj\u0105). <strong>To najwi\u0119ksza wygrana, jak\u0105 prawdopodobnie wygracie kiedykolwiek w zdrapkach! \ud83d\ude09<\/strong><\/p>\n<p>Ale wiedz, \u017ce: je\u015bli nic z nim (ze sob\u0105) nie zrobisz- nic si\u0119 samo nie zmieni. Pytanie- czy jeste\u015b gotowy\/a na nowy rozdzia\u0142 swojego \u017cycia?<\/p>\n<p>Uczy\u0144my ten \u015awiat troch\u0119 niemo\u017cliwym!<\/p>\n<p>&nbsp;<\/p>\n<p><strong>Kolory mog\u0105 si\u0119 r\u00f3\u017cni\u0107 od tych przedstawionych na zdj\u0119ciach produktowych. Fakt ten spowodowany jest r\u00f3\u017cnymi ustawieniami kolor\u00f3w na wy\u015bwietlaczach Pa\u0144stwa telefon\u00f3w, tablet\u00f3w i\/lub komputer\u00f3w.<\/strong><\/p>\n<p><strong>Ramka nie jest wliczona w cen\u0119.<\/strong><\/p>\n<p>&nbsp;<\/p>\n<p><strong>Odbi\u00f3r osobisty<\/strong> mo\u017cliwy po wcze\u015bniejszym kontakcie mailowym.<\/p>\n<p>&nbsp;<\/p>\n<p>Zwrot produktu istnieje jedynie w przypadku, kiedy plakat nie nosi jakichkolwiek \u015blad\u00f3w u\u017cytkowania- zdrapanej cho\u0107by jednej zdrapki, zarysowania, zagniecenia, zalania (zniszczony, uszkodzony) itp. Musi znajdowa\u0107 si\u0119 w oryginalnym pude\u0142ku- z jego ca\u0142\u0105 zawarto\u015bci\u0105. Koszty zwrotu ponosi klient. Prosimy o przemy\u015blane zakupy. W razie jakichkolwiek pyta\u0144, prosimy o kontakt pod adresem e-mail: shop@hundredhappydays.com.<\/p>\n","protected":false},"excerpt":{"rendered":"<p>Plakat sk\u0142ada si\u0119 ze 100 zdrapek, pod kt\u00f3rymi znajduje si\u0119 100 propozycji na do\u015bwiadczanie swojej niezwykle- zwyk\u0142ej codzienno\u015bci. Na nauk\u0119 cieszenia si\u0119 z najmniejszych rzeczy. Na \u017bycie nie tylko od podr\u00f3\u017cy do podr\u00f3\u017cy, czy od pi\u0105tku do pi\u0105tku. Na \u017cycie TU I TERAZ!<\/p>\n<p><strong>I najwa\u017cniejsze- na odnalezienie w tym wielkim \u015bwiecie siebie samego!<\/strong><\/p>\n","protected":false},"featured_media":748,"comment_status":"open","ping_status":"closed","template":"","meta":[],"product_cat":[39],"product_tag":[],"_links":{"self":[{"href":"https:\/\/olgacygan.com.pl\/index.php\/wp-json\/wp\/v2\/product\/734"}],"collection":[{"href":"https:\/\/olgacygan.com.pl\/index.php\/wp-json\/wp\/v2\/product"}],"about":[{"href":"https:\/\/olgacygan.com.pl\/index.php\/wp-json\/wp\/v2\/types\/product"}],"replies":[{"embeddable":true,"href":"https:\/\/olgacygan.com.pl\/index.php\/wp-json\/wp\/v2\/comments?post=734"}],"wp:featuredmedia":[{"embeddable":true,"href":"https:\/\/olgacygan.com.pl\/index.php\/wp-json\/wp\/v2\/media\/748"}],"wp:attachment":[{"href":"https:\/\/olgacygan.com.pl\/index.php\/wp-json\/wp\/v2\/media?parent=734"}],"wp:term":[{"taxonomy":"product_cat","embeddable":true,"href":"https:\/\/olgacygan.com.pl\/index.php\/wp-json\/wp\/v2\/product_cat?post=734"},{"taxonomy":"product_tag","embeddable":true,"href":"https:\/\/olgacygan.com.pl\/index.php\/wp-json\/wp\/v2\/product_tag?post=734"}],"curies":[{"name":"wp","href":"https:\/\/api.w.org\/{rel}","templated":true}]}}