{"id":931,"date":"2022-12-08T16:19:13","date_gmt":"2022-12-08T15:19:13","guid":{"rendered":"https:\/\/hundredhappydays.com\/?post_type=product&#038;p=931"},"modified":"2026-04-08T13:28:32","modified_gmt":"2026-04-08T11:28:32","slug":"wspolpraca-miesieczna-online","status":"publish","type":"product","link":"https:\/\/olgacygan.com.pl\/index.php\/produkt\/wspolpraca-miesieczna-online\/","title":{"rendered":"PE\u0141NA WSP\u00d3\u0141PRACA INDYWIDUALNA (z jad\u0142ospisem i sta\u0142ym kontaktem)"},"content":{"rendered":"<p>Zamiast b\u0142\u0105dzi\u0107 po omacku- otw\u00f3rz si\u0119 na proces, kt\u00f3ry przywr\u00f3ci Twojemu cia\u0142u rytm, spok\u00f3j i si\u0142\u0119.<\/p>\n<p>Je\u015bli czujesz si\u0119 zm\u0119czona, rozregulowana, przyt\u0142oczona objawami, kt\u00f3rych nikt nie potrafi sensownie wyt\u0142umaczy\u0107- a w odpowiedzi od lekarza s\u0142yszysz: &#8220;Wszystko w normie&#8221;, cho\u0107 <strong>czujesz, \u017ce nie jest<\/strong>&#8211; ta wsp\u00f3\u0142praca jest dla Ciebie.<\/p>\n<p><strong>Co otrzymujesz?<\/strong><\/p>\n<ul>\n<li>1-1,5 h spotkanie- stacjonarne (Pilawa, woj. mazowieckie), telefoniczne lub przez wideo rozmow\u0119 (dla os\u00f3b z ca\u0142ego \u015bwiata)<\/li>\n<li>Pe\u0142na analiza bada\u0144<\/li>\n<li>Indywidualna interpretacja objaw\u00f3w, trybu \u017cycia i stylu od\u017cywiania<\/li>\n<li>Spersonalizowany protok\u00f3\u0142 suplementacyjny<\/li>\n<li>Autorski eBook &#8220;Zupa. S\u0142o\u0144ce. S\u00f3l&#8221;- GRATIS<\/li>\n<li>Indywidualny jad\u0142ospis dopasowany do Twoich wynik\u00f3w i trybu \u017cycia<\/li>\n<li>Jego modyfikacje w trakcie wsp\u00f3\u0142pracy<\/li>\n<li>Sta\u0142y kontakt ze mn\u0105 w wiadomo\u015bciach prywatnych lub 1-2 kr\u00f3tkie rozmowy w miesi\u0105cu (telefonicznie lub wideo)<\/li>\n<li>Moje wsparcie, motywacj\u0119 i czujne oko<\/li>\n<\/ul>\n<p><strong>DO WYBORU:<\/strong><\/p>\n<p>Opcja 1-miesi\u0119czna<\/p>\n<p>Cena: 489 z\u0142 (ka\u017cdy kolejny miesi\u0105c: 389 z\u0142)<\/p>\n<p>Idealna na start- pierwsze efekty zauwa\u017calne ju\u017c po 2-3 tygodniach wsp\u00f3lnej pracy!<\/p>\n<p>Opcja 3-miesi\u0119czna (pakiet)<\/p>\n<p>Cena: 1069 z\u0142<\/p>\n<p>Najlepszy stosunek efekt\u00f3w do ceny- <strong>realna przemiana i wdro\u017cenie nawyk\u00f3w na sta\u0142e.\u00a0<\/strong>W tej opcji oszcz\u0119dzasz 200 z\u0142.<\/p>\n<p>Opcja 6-miesi\u0119czna (pakiet rozszerzony)<\/p>\n<p>Cena: 1989 z\u0142<\/p>\n<p>Dla kobiet gotowych postawi\u0107 zdrowie, jako sw\u00f3j g\u0142\u00f3wny projekt na najbli\u017csze p\u00f3\u0142 roku. Pakiet najkorzystniejszy cenowo (oszcz\u0119dzasz a\u017c 444 z\u0142!).<\/p>\n<p><strong>Jak wygl\u0105da wsp\u00f3\u0142praca?<\/strong><\/p>\n<ol>\n<li>Po wykupieniu idealnego dla siebie pakietu- kontaktujesz si\u0119 ze mn\u0105 na Messengerze (Olga Cygan) lub Whatsappie (506802541).<\/li>\n<li>Otrzymujesz list\u0119 bada\u0144 do wykonania (z refundacj\u0105 lub bez niej).<\/li>\n<li>Umawiamy spotkanie.<\/li>\n<li>Wysy\u0142am jad\u0142ospis i plan (do tygodnia czasu od naszego spotkania).<\/li>\n<li>Pracujemy razem- krok po kroku, z uwa\u017cno\u015bci\u0105, bez presji.<\/li>\n<\/ol>\n<p><strong>Twoje zdrowie nie potrzebuje totalnej rewolucji. Potrzebuje rytmu.<\/strong> Zadbajmy o niego razem.<\/p>\n","protected":false},"excerpt":{"rendered":"<p>Zamiast b\u0142\u0105dzi\u0107 po omacku- otw\u00f3rz si\u0119 na proces, kt\u00f3ry przywr\u00f3ci Twojemu cia\u0142u rytm, spok\u00f3j i si\u0142\u0119. Je\u015bli czujesz si\u0119 zm\u0119czona, rozregulowana, przyt\u0142oczona objawami, kt\u00f3rych nikt nie potrafi sensownie wyt\u0142umaczy\u0107- a w odpowiedzi od lekarza s\u0142yszysz: &#8220;Wszystko w normie&#8221;, cho\u0107 czujesz, \u017ce nie jest&#8211; ta wsp\u00f3\u0142praca jest dla Ciebie. Co otrzymujesz? 1-1,5 h spotkanie- stacjonarne (Pilawa, woj. mazowieckie), telefoniczne lub przez wideo rozmow\u0119 (dla os\u00f3b z ca\u0142ego \u015bwiata) Pe\u0142na analiza bada\u0144 Indywidualna interpretacja objaw\u00f3w, trybu \u017cycia i stylu od\u017cywiania Spersonalizowany protok\u00f3\u0142 suplementacyjny Autorski eBook &#8220;Zupa. S\u0142o\u0144ce. S\u00f3l&#8221;- GRATIS Indywidualny jad\u0142ospis dopasowany do Twoich wynik\u00f3w i trybu \u017cycia Jego modyfikacje w trakcie wsp\u00f3\u0142pracy Sta\u0142y kontakt ze mn\u0105 w wiadomo\u015bciach prywatnych lub 1-2 kr\u00f3tkie rozmowy w miesi\u0105cu (telefonicznie lub wideo) Moje wsparcie, motywacj\u0119 i czujne oko DO WYBORU: Opcja 1-miesi\u0119czna Cena: 489 z\u0142 (ka\u017cdy kolejny miesi\u0105c: 389 z\u0142) Idealna na start- pierwsze efekty zauwa\u017calne ju\u017c po 2-3 tygodniach wsp\u00f3lnej pracy! Opcja 3-miesi\u0119czna (pakiet) Cena: 1069 z\u0142 Najlepszy stosunek efekt\u00f3w do ceny- realna przemiana i wdro\u017cenie nawyk\u00f3w na sta\u0142e.\u00a0W tej opcji oszcz\u0119dzasz 200 z\u0142. Opcja 6-miesi\u0119czna (pakiet rozszerzony) Cena: 1989 z\u0142 Dla kobiet gotowych postawi\u0107 zdrowie, jako sw\u00f3j g\u0142\u00f3wny projekt na najbli\u017csze p\u00f3\u0142 roku. Pakiet najkorzystniejszy cenowo (oszcz\u0119dzasz a\u017c 444 z\u0142!). Jak wygl\u0105da wsp\u00f3\u0142praca? Po wykupieniu idealnego dla siebie pakietu- kontaktujesz si\u0119 ze mn\u0105 na Messengerze (Olga Cygan) lub Whatsappie (506802541). Otrzymujesz list\u0119 bada\u0144 do wykonania (z refundacj\u0105 lub bez niej). Umawiamy spotkanie. Wysy\u0142am jad\u0142ospis i plan (do tygodnia czasu od naszego spotkania). Pracujemy razem- krok po kroku, z uwa\u017cno\u015bci\u0105, bez presji. Twoje zdrowie nie potrzebuje totalnej rewolucji. Potrzebuje rytmu. Zadbajmy o niego razem.<\/p>\n","protected":false},"featured_media":1075,"comment_status":"open","ping_status":"closed","template":"","meta":[],"product_cat":[39],"product_tag":[],"_links":{"self":[{"href":"https:\/\/olgacygan.com.pl\/index.php\/wp-json\/wp\/v2\/product\/931"}],"collection":[{"href":"https:\/\/olgacygan.com.pl\/index.php\/wp-json\/wp\/v2\/product"}],"about":[{"href":"https:\/\/olgacygan.com.pl\/index.php\/wp-json\/wp\/v2\/types\/product"}],"replies":[{"embeddable":true,"href":"https:\/\/olgacygan.com.pl\/index.php\/wp-json\/wp\/v2\/comments?post=931"}],"wp:featuredmedia":[{"embeddable":true,"href":"https:\/\/olgacygan.com.pl\/index.php\/wp-json\/wp\/v2\/media\/1075"}],"wp:attachment":[{"href":"https:\/\/olgacygan.com.pl\/index.php\/wp-json\/wp\/v2\/media?parent=931"}],"wp:term":[{"taxonomy":"product_cat","embeddable":true,"href":"https:\/\/olgacygan.com.pl\/index.php\/wp-json\/wp\/v2\/product_cat?post=931"},{"taxonomy":"product_tag","embeddable":true,"href":"https:\/\/olgacygan.com.pl\/index.php\/wp-json\/wp\/v2\/product_tag?post=931"}],"curies":[{"name":"wp","href":"https:\/\/api.w.org\/{rel}","templated":true}]}}